{"id":3754,"date":"2018-05-22T10:19:06","date_gmt":"2018-05-22T10:19:06","guid":{"rendered":"http:\/\/www.hoteltarifalances.com\/index.php\/cookies-policy\/"},"modified":"2021-03-19T12:49:29","modified_gmt":"2021-03-19T12:49:29","slug":"cookie-politik","status":"publish","type":"page","link":"https:\/\/www.aptciudadjardin.com\/de\/cookie-politik\/","title":{"rendered":"Cookie-Politik"},"content":{"rendered":"<p>[vc_row][vc_column el_class=&#8220;legal-notice&#8220;][vc_column_text]<\/p>\n<hr \/>\n<div class=\"cookies-policy\">\nDiese Cookie-Politik ist Teil des Rechtsvermerks und der Datenschutzpolitik von <a href=\"https:\/\/www.aptciudadjardin.com\" title=\"Apartamentos Ciudad Jard\u00edn\">www.aptciudadjardin.com<\/a>, deren Inhaber APARTAMENTOS CIUDAD JARDIN S.L. Der Zugriff, das Surfen auf der <a href=\"https:\/\/www.aptciudadjardin.com\" title=\"Apartamentos Ciudad Jard\u00edn\">www.aptciudadjardin.com<\/a> Site oder die Verwendung ihrer Dienstleistungen bedeutet die Zustimmung zu den Nutzungsbedingungen der Website. Sie k\u00f6nnen Ihre Cookie-Einstellungen jederzeit \u00e4ndern, indem Sie auf <a class=\"cookie-consent-open-settings\" href=\"#\" title=\"Apartamentos Ciudad Jard\u00edn: Cookie-Einstellungen\">diesen Link<\/a> klicken.<\/p>\n<p>Diese Website geh\u00f6rt:<\/p>\n<ul>\n<li><strong>Gesellschaftsbezeichnung:<\/strong> APARTAMENTOS CIUDAD JARDIN S.L.<\/li>\n<li><strong>USt. &#8211; IdNr.:<\/strong> B35545433<\/li>\n<li><strong>Anschrift: <\/strong>Calle Hermanos Garc\u00eda de la Torre, 28- 35005 Las Palmas de Gran Canaria (SPANIEN)<\/li>\n<li><strong>Telefon:<\/strong> <a href=\"tel:+34686333705\" title=\"Apartamentos Ciudad Jard\u00edn: Telefonnummer\">+34 686 333 705<\/a><\/li>\n<li><strong>E-Mail:<\/strong> <a href=\"mailto:booking@aptciudadjardin.com\" title=\"Apartamentos Ciudad Jard\u00edn: E-Mail Adresse\">booking@aptciudadjardin.com<\/a><\/li>\n<\/ul>\n<h2>1. Was ist ein Cookie?<\/h2>\n<p>Bei Cookies handelt es sich um kleine Textdateien, die bei beim Besuch von fast allen Webseiten in Ihrem Browser gespeichert werden. Ihr Zweck lautet, dass sich die Webseite bei erneutem Surfen wieder an Ihren Besuch erinnern kann. Cookies speichern normalerweise Informationen technischer Art wie z.\u00a0B. pers\u00f6nliche Vorlieben, individuelle Inhaltsanpassungen, Nutzungsstatistiken, Links zu Social Media, Zugriff auf Anwenderkonten usw.<\/p>\n<p>Der Zweck der Cookies ist die Anpassung des Webseiteninhalts an Ihr Profil und an Ihre Bed\u00fcrfnisse. Ohne Cookies w\u00e4ren die Serviceleistungen, die von allen Seiten angeboten werden, deutlich beeintr\u00e4chtigt.<\/p>\n<h3>1.1 Was ist ein Cookie nicht?<\/h3>\n<p>Ein Cookie ist kein Virus, kein Trojaner, kein Wurm, kein Spam, keine Spyware und es \u00f6ffnet keine Pop-up-Fenster.<\/p>\n<h2>2. Cookie-Arten<\/h2>\n<p>Cookies k\u00f6nnen nach verschiedenen Kriterien in verschiedene Kategorien eingestuft werden. Das gleiche Cookie kann jedoch zu mehr als einer Kategorie geh\u00f6ren.<\/p>\n<h3>2.1 Nach der Einrichtung, die das Cookie verwaltet<\/h3>\n<p>In Abh\u00e4ngigkeit davon, wer das Ger\u00e4t oder die Domain verwaltet, die das Cookie sendet, kann es sich um eigene Cookies oder Cookies von Drittanbietern handeln.<\/p>\n<ul>\n<li>Eigene Cookies: Sie werden vom Ger\u00e4t oder Domain, das der Inhaber der vom Anwender angeforderten Serviceleistung verwaltet, an das Anwenderterminal gesendet.<\/li>\n<li>Cookies von Drittanbietern: Sie werden von einem anderen Ger\u00e4t oder Domain, als das, das die vom Anwender angeforderte Serviceleistung anbietet, an das Anwenderterminal gesendet. Diese Cookies werden von einer anderen Einrichtung verwaltet.<\/li>\n<\/ul>\n<h3>2.2 Nach der Dauer, die sie aktiv bleiben<\/h3>\n<p>Nach der Dauer, die die Cookies im Anwenderterminal aktiv bleiben, kann man zwischen Session- und persistenten Cookies unterscheiden.<\/p>\n<ul>\n<li>Sessioncookies: Sie erheben Daten, w\u00e4hrend der Anwender auf eine Website zugreift.<\/li>\n<li>Persistente Cookies: Sie bleiben im Anwenderterminal gespeichert und k\u00f6nnen seine Daten w\u00e4hrend einer vom Verantwortlichen des Cookie festgelegten Dauer &#8211; die von einigen Minuten bis zu mehreren Jahren dauern kann &#8211; verwalten.<\/li>\n<\/ul>\n<h3>2.3 Nach ihrem Zweck<\/h3>\n<p>Je nach Zweck der Verarbeitung der vom Cookie verwalteten Daten kann man zwischen technischen, Personalisierungs- und Analysecookies unterscheiden.<\/p>\n<ul>\n<li>Technische Cookies: Sie erm\u00f6glichen das Surfen auf einer Webseite, Plattform oder Anwendung und die Verwendung verschiedener darauf vorhandener Optionen oder Serviceleistungen, wie z.\u00a0B. Steuerung des Datenverkehrs und der Datenkommunikation, Identifizierung der Session, Zugriff auf Bereiche mit eingeschr\u00e4nktem Zugriff, Erinnerung an die Teile einer Bestellung usw.<\/li>\n<li>Personalisierungscookies: Sie erm\u00f6glichen dem Anwender Zugriff auf den Service mit einigen allgemeinen Eigenschaften, die entsprechend einer Serie an Kriterien im Anwenderterminal vordefiniert sind. Dazu geh\u00f6ren z.\u00a0B. Sprache, Browsertyp f\u00fcr den Zugriff auf den Service, regionale Konfigurierung, von wo aus man auf den Service zugreift usw.<\/li>\n<li>Analysecookies: Sie erm\u00f6glichen ihrem Verantwortlichen die Verfolgung und Analyse des Verhaltens der Anwender der Websites, mit denen sie verbunden sind. Die erhobene Information kann zur Messung der Aktivit\u00e4t der Webseiten, Anwendungen oder Plattformen wie auch zur Erstellung von Surfprofilen der Anwender zum Zweck der Einf\u00fchrung von Verbesserungen in die Serviceleistungen eingesetzt werden.<\/li>\n<li>Werbungscookies: Sie erm\u00f6glichen die Verwaltung von Werbebereichen, die der Verantwortliche der Serviceleistung auf eine Webseite, Anwendung oder Plattform aufgenommen hat und von der aus der vom Anwender angeforderte Service geleistet wird.<\/li>\n<li>Werbungscookies nach Verhalten: Sie erm\u00f6glichen die wirksame Verwaltung von Werbebereichen, die der Verantwortliche der Serviceleistung auf eine Webseite, Anwendung oder Plattform aufgenommen hat und von der aus der angeforderte Service geleistet wird. Die von diesen Cookies gespeicherte Information erm\u00f6glicht die Erstellung eines Anwenderprofils zur Anzeige individuell angepasster Werbung.<\/li>\n<\/ul>\n<h2>3. Verwendung von Cookies seitens www.aptciudadjardin.com<\/h2>\n<p>Beim Zugriff auf <a href=\"https:\/\/www.aptciudadjardin.com\" title=\"Apartamentos Ciudad Jard\u00edn\">www.aptciudadjardin.com<\/a> timmen Sie ausdr\u00fccklich der Verwendung von Cookies in Ihrem Ger\u00e4t zu. Schalten Sie die Cookies aus, kann das Surferlebnis auf dieser Webseite nicht optimal sein u. \/ o. einige ihrer Eigenschaften k\u00f6nnen nicht angemessen funktionieren. Sie k\u00f6nnen Ihre Cookie-Einstellungen jederzeit \u00e4ndern, indem Sie auf <a class=\"cookie-consent-open-settings\" href=\"#\" title=\"Apartamentos Ciudad Jard\u00edn: Cookie-Einstellungen\">diesen Link<\/a> klicken. Diese Website verwendet keine Cookies f\u00fcr Werbezwecke.<\/p>\n<h3>3.1 Eigene Cookies<\/h3>\n<p>Unsere Webseite verwendet folgende eigene Cookies:<\/p>\n<ul>\n<li><strong>CookieConsent:<\/strong> Sie erm\u00f6glichen die Erinnerung an die Zustimmung zu unserer Cookie-Politik, um die Anzeige des Cookie-Banners auf allen Seiten der Website zu vermeiden.<\/li>\n<li><strong>_icl_current_language:<\/strong> Speichert die Sprache, die aktuell auf der Seite verwendet wird.<\/li>\n<li><strong>wordpress_test_cookie:<\/strong> Pr\u00fcft, ob die Seite Cookies speichern kann.<\/li>\n<li><strong>Cookies von Piwik:<\/strong> Diese Site verwendet Piwik, um die Besuche zum Zweck ihrer Verbesserung zu analysieren. Sie erm\u00f6glichen die Z\u00e4hlung der Anzahl an Besuchen, welche Seiten am meisten besucht werden, von welchen Ger\u00e4ten auf die Site zugegriffen wird usw. Diese Informationen werden erhoben, um zu erfahren, wie die Anwender die Site verwenden, um sie an ihre Bed\u00fcrfnisse anzupassen und ihr Surferlebnis zu verbessern.<\/li>\n<li>Diese Site verwendet kein Cookie zu Werbezwecken.<\/li>\n<\/ul>\n<table class=\"table table-bordered table-condensed table-striped\">\n<caption>Eigene Cookies<\/caption>\n<thead>\n<tr>\n<th>Name<\/th>\n<th>Lieferant<\/th>\n<th>G\u00fcltigkeit<\/th>\n<th>Funktion<\/th>\n<\/tr>\n<\/thead>\n<tbody>\n<tr>\n<td>CookieConsent<\/td>\n<td>www.aptciudadjardin.com<\/td>\n<td>1 Jahre<\/td>\n<td>Denken Sie daran, dass Sie mit der Verwendung von Cookies einverstanden sind, wenn Sie auf dieser Website surfen.<\/td>\n<\/tr>\n<tr>\n<td>_icl_current_language<\/td>\n<td>www.aptciudadjardin.com<\/td>\n<td>Session<\/td>\n<td>Speichert die Sprache, in der die Seite aktuell angezeigt wird.<\/td>\n<\/tr>\n<tr>\n<td>wordpress_test_cookie<\/td>\n<td>www.aptciudadjardin.com<\/td>\n<td>Session<\/td>\n<td>Pr\u00fcfen Sie, ob Cookies gespeichert werden k\u00f6nnen.<\/td>\n<\/tr>\n<tr>\n<td class=\"title-row\" colspan=\"4\">Cookies von Piwik<\/td>\n<\/tr>\n<tr>\n<td>_pk_id.*<\/td>\n<td>www.aptciudadjardin.com<\/td>\n<td>(ca.) 1 Jahr<\/td>\n<td>Analyse der Site-Besuche mit Piwik. Damit k\u00f6nnen wir die Herkunft der Besuche, deren Dauer, ob der Site richtig funktioniert usw. erfahren.<\/td>\n<\/tr>\n<tr>\n<td>_pk_ses.*<\/td>\n<td>www.aptciudadjardin.com<\/td>\n<td>Session<\/td>\n<td>Damit kann die Dauer des Besuchs gemessen werden, welche Seite der Site von jedem Anwender besucht wurde usw.<\/td>\n<\/tr>\n<\/tbody>\n<\/table>\n<h3>3.2 Cookies von Drittanbietern<\/h3>\n<p>Diese Webseite verwendet folgende Serviceleistungen von Drittanbietern: Google Analytics und Youtube (*), im Besitz von Google, Inc; und den Buchungsmotor im Besitz von Dingus Spain S.L.<\/p>\n<p>Der Google Analytics Service erm\u00f6glicht uns, die Nutzung der Website durch die Anwender zu analysieren.<\/p>\n<p>Der Youtube Service erm\u00f6glicht uns, Videos unserer Niederlassungen zu zeigen, die in unseren Kanal auf dieser Plattform hochgeladen werden.<\/p>\n<p>Wenn Sie unsere Seite besuchen und mit Ihrem Login bei Google in einem beliebigen Service eingeloggt sind, nutzt Youtube mit seinen Serviceleistungen diese Information zur individuellen Anpassung Ihres Surferlebnisses.<\/p>\n<p>Mit dem Buchungsmotor k\u00f6nnen Buchungen \u00fcber Ihren Browser in unserem Hotel erfolgen.<\/p>\n<table class=\"table table-bordered table-condensed table-striped\">\n<caption>Cookies von Drittanbietern<\/caption>\n<thead>\n<tr>\n<th>Name<\/th>\n<th>Lieferant<\/th>\n<th>G\u00fcltigkeit<\/th>\n<th>Funktion<\/th>\n<\/tr>\n<\/thead>\n<tbody>\n<tr>\n<td class=\"title-row\" colspan=\"4\">Cookies von Google Analytics<\/td>\n<\/tr>\n<tr>\n<td>_ga<\/td>\n<td>.aptciudadjardin.com<\/td>\n<td>(ca.) 2 Jahre<\/td>\n<td>Google Analitycs; f\u00fcr weitere Auskunft siehe deren <a title=\"Datenschutzpolitik von Google Analytics\" href=\"https:\/\/support.google.com\/analytics\/answer\/6004245\">Datenschutzpolitik<\/a>.<\/td>\n<\/tr>\n<tr>\n<td>_gid<\/td>\n<td>.aptciudadjardin.com<\/td>\n<td>1 Tag<\/td>\n<td>Google Analitycs; f\u00fcr weitere Auskunft siehe deren <a title=\"Datenschutzpolitik von Google Analytics\" href=\"https:\/\/support.google.com\/analytics\/answer\/6004245\">Datenschutzpolitik<\/a>.<\/td>\n<\/tr>\n<tr>\n<td>_gat_gtag_*<\/td>\n<td>.aptciudadjardin.com<\/td>\n<td>Session<\/td>\n<td>Google Analitycs; f\u00fcr weitere Auskunft siehe deren <a title=\"Datenschutzpolitik von Google Analytics\" href=\"https:\/\/support.google.com\/analytics\/answer\/6004245\">Datenschutzpolitik<\/a>.<\/td>\n<\/tr>\n<tr>\n<td class=\"title-row\" colspan=\"4\">Cookies von Youtube<\/td>\n<\/tr>\n<tr>\n<td>APISID<\/td>\n<td>Youtube<\/td>\n<td>(ca.) 2 Jahre<\/td>\n<td>Nur wenn Sie mit Ihrem Login bei Google angemeldet sind. Passt Ihre Vorlieben bei der Anzeige von Youtube-Videos an, die auf unserer Webseite eingebettet sind. F\u00fcr weitere Auskunft k\u00f6nnen Sie die <a title=\"Cookies-Politik von Google\" href=\"https:\/\/policies.google.com\/technologies\/cookies?hl=es\">Cookies-Politik von Google<\/a> lesen.<\/td>\n<\/tr>\n<tr>\n<td>CONSENT<\/td>\n<td>Youtube<\/td>\n<td>(ca.) 18 Jahre<\/td>\n<td>Nur wenn Sie mit Ihrem Login bei Google angemeldet sind. Passt Ihre Vorlieben bei der Anzeige von Youtube-Videos an, die auf unserer Webseite eingebettet sind. F\u00fcr weitere Auskunft k\u00f6nnen Sie die <a title=\"Cookies-Politik von Google\" href=\"https:\/\/policies.google.com\/technologies\/cookies?hl=es\">Cookies-Politik von Google<\/a> lesen.<\/td>\n<\/tr>\n<tr>\n<td>HSID<\/td>\n<td>Youtube<\/td>\n<td>(ca.) 2 Jahre<\/td>\n<td>Nur wenn Sie mit Ihrem Login bei Google angemeldet sind. Passt Ihre Vorlieben bei der Anzeige von Youtube-Videos an, die auf unserer Webseite eingebettet sind. F\u00fcr weitere Auskunft k\u00f6nnen Sie die <a title=\"Cookies-Politik von Google\" href=\"https:\/\/policies.google.com\/technologies\/cookies?hl=es\">Cookies-Politik von Google<\/a> lesen.<\/td>\n<\/tr>\n<tr>\n<td>PREF<\/td>\n<td>Youtube<\/td>\n<td>(ca.) 1 Jahr<\/td>\n<td>Nur wenn Sie mit Ihrem Login bei Google angemeldet sind. Passt Ihre Vorlieben bei der Anzeige von Youtube-Videos an, die auf unserer Webseite eingebettet sind. F\u00fcr weitere Auskunft k\u00f6nnen Sie die <a title=\"Cookies-Politik von Google\" href=\"https:\/\/policies.google.com\/technologies\/cookies?hl=es\">Cookies-Politik von Google<\/a> lesen.<\/td>\n<\/tr>\n<tr>\n<td>SAPISID<\/td>\n<td>Youtube<\/td>\n<td>(ca.) 2 Jahre<\/td>\n<td>Nur wenn Sie mit Ihrem Login bei Google angemeldet sind. Passt Ihre Vorlieben bei der Anzeige von Youtube-Videos an, die auf unserer Webseite eingebettet sind. F\u00fcr weitere Auskunft k\u00f6nnen Sie die <a title=\"Cookies-Politik von Google\" href=\"https:\/\/policies.google.com\/technologies\/cookies?hl=es\">Cookies-Politik von Google<\/a> lesen.<\/td>\n<\/tr>\n<tr>\n<td>SID<\/td>\n<td>Youtube<\/td>\n<td>(ca.) 2 Jahre<\/td>\n<td>Nur wenn Sie mit Ihrem Login bei Google angemeldet sind. Passt Ihre Vorlieben bei der Anzeige von Youtube-Videos an, die auf unserer Webseite eingebettet sind. F\u00fcr weitere Auskunft k\u00f6nnen Sie die <a title=\"Cookies-Politik von Google\" href=\"https:\/\/policies.google.com\/technologies\/cookies?hl=es\">Cookies-Politik von Google<\/a> lesen.<\/td>\n<\/tr>\n<tr>\n<td>SSID<\/td>\n<td>Youtube<\/td>\n<td>(ca.) 2 Jahre<\/td>\n<td>Nur wenn Sie mit Ihrem Login bei Google angemeldet sind. Passt Ihre Vorlieben bei der Anzeige von Youtube-Videos an, die auf unserer Webseite eingebettet sind. F\u00fcr weitere Auskunft k\u00f6nnen Sie die <a title=\"Cookies-Politik von Google\" href=\"https:\/\/policies.google.com\/technologies\/cookies?hl=es\">Cookies-Politik von Google<\/a> lesen.<\/td>\n<\/tr>\n<tr>\n<td>VISITOR_INFO1_LIVE<\/td>\n<td>Youtube<\/td>\n<td>(ca.) 15 Tage<\/td>\n<td>Nur wenn Sie mit Ihrem Login bei Google angemeldet sind. Passt Ihre Vorlieben bei der Anzeige von Youtube-Videos an, die auf unserer Webseite eingebettet sind. F\u00fcr weitere Auskunft k\u00f6nnen Sie die <a title=\"Cookies-Politik von Google\" href=\"https:\/\/policies.google.com\/technologies\/cookies?hl=es\">Cookies-Politik von Google<\/a> lesen.<\/td>\n<\/tr>\n<tr>\n<td class=\"title-row\" colspan=\"4\"><\/td>\n<\/tr>\n<tr>\n<td><\/td>\n<td><\/td>\n<td><\/td>\n<td><\/td>\n<\/tr>\n<tr>\n<td><\/td>\n<td><\/td>\n<td><\/td>\n<td><\/td>\n<\/tr>\n<tr>\n<td><\/td>\n<td><\/td>\n<td><\/td>\n<td><\/td>\n<\/tr>\n<tr>\n<td><\/td>\n<td><\/td>\n<td><\/td>\n<td><\/td>\n<\/tr>\n<tr>\n<td><\/td>\n<td><\/td>\n<td><\/td>\n<td><\/td>\n<\/tr>\n<tr>\n<td><\/td>\n<td><\/td>\n<td><\/td>\n<td><\/td>\n<\/tr>\n<\/tbody>\n<\/table>\n<h2>4. Konfigurierung der Cookies<\/h2>\n<p>Sie k\u00f6nnen Ihren Browser konfigurieren, damit er die Verwendung von Cookies zul\u00e4sst oder ablehnt. Im Anschluss stellen wir Ihnen eine Reihe an Links vor, die die Verwaltung der Cookies entsprechend des bevorzugten Browsers erkl\u00e4ren.<\/p>\n<ul>\n<li><strong>Mozilla Firefox:<\/strong> <a title=\"Cookies: Information, die die Websites in Ihrem Ger\u00e4t speichern\" href=\"https:\/\/support.mozilla.org\/es\/kb\/cookies-informacion-que-los-sitios-web-guardan-en-\" rel=\"external\">Cookies: Information, die die Websites in Ihrem Ger\u00e4t speichern<\/a> und <a title=\"Ein- und ausschalten der von den Websites zum Tracken Ihrer Vorlieben verwendete Cookies\" href=\"https:\/\/support.mozilla.org\/es\/kb\/habilitar-y-deshabilitar-cookies-sitios-web-rastrear-preferencias\" rel=\"external\">Ein- und ausschalten der von den Websites zum Tracken Ihrer Vorlieben verwendete Cookies<\/a>.<\/li>\n<li><strong>Google Chrome:<\/strong> <a title=\"Cookies l\u00f6schen, einrichten und verwalten\" href=\"https:\/\/support.google.com\/chrome\/answer\/95647?hl=es\" rel=\"external\">Cookies l\u00f6schen, einrichten und verwalten<\/a>.<\/li>\n<li><strong>Internet Explorer:<\/strong> <a title=\"Cookies entfernen und verwalten\" href=\"https:\/\/support.microsoft.com\/es-es\/help\/17442\/windows-internet-explorer-delete-manage-cookies\" rel=\"external\">Cookies entfernen und verwalten<\/a>.<\/li>\n<li><strong>Opera:<\/strong> <a title=\"Hilfe von Opera: Cookies\" href=\"https:\/\/help.opera.com\/Linux\/12.10\/en\/cookies.html\" rel=\"external\">Hilfe von Opera: Cookies<\/a>.<\/li>\n<li><strong>Safari:<\/strong> <a title=\"Safari f\u00fcr macOS Sierra: Cookies und Daten der Websites mit Safari verwalten\" href=\"https:\/\/support.apple.com\/kb\/PH21411?locale=es_ES&amp;viewlocale=es_ES\" rel=\"external\">Safari f\u00fcr macOS Sierra: Cookies und Daten der Websites mit Safari verwalten<\/a> und <a title=\"Suchverlauf und Cookies von Safari auf iPhone, iPad oder iPod touch l\u00f6schen\" href=\"https:\/\/support.apple.com\/es-es\/HT201265\" rel=\"external\">Suchverlauf und Cookies von Safari auf iPhone, iPad oder iPod touch l\u00f6schen<\/a>.<\/li>\n<\/ul>\n<\/div>\n<p>[\/vc_column_text][\/vc_column][\/vc_row]<\/p>\n","protected":false},"excerpt":{"rendered":"<p>[vc_row][vc_column el_class=&#8220;legal-notice&#8220;][vc_column_text] Diese Cookie-Politik ist Teil des Rechtsvermerks und der Datenschutzpolitik von www.aptciudadjardin.com, deren Inhaber APARTAMENTOS CIUDAD JARDIN S.L. Der Zugriff, das Surfen auf der www.aptciudadjardin.com Site oder die Verwendung ihrer Dienstleistungen bedeutet die Zustimmung zu den Nutzungsbedingungen der Website. Sie k\u00f6nnen Ihre Cookie-Einstellungen jederzeit \u00e4ndern, indem Sie auf diesen Link klicken. Diese Website geh\u00f6rt: [&hellip;]<\/p>\n","protected":false},"author":10,"featured_media":0,"parent":0,"menu_order":0,"comment_status":"closed","ping_status":"closed","template":"","meta":[],"_links":{"self":[{"href":"https:\/\/www.aptciudadjardin.com\/de\/wp-json\/wp\/v2\/pages\/3754"}],"collection":[{"href":"https:\/\/www.aptciudadjardin.com\/de\/wp-json\/wp\/v2\/pages"}],"about":[{"href":"https:\/\/www.aptciudadjardin.com\/de\/wp-json\/wp\/v2\/types\/page"}],"author":[{"embeddable":true,"href":"https:\/\/www.aptciudadjardin.com\/de\/wp-json\/wp\/v2\/users\/10"}],"replies":[{"embeddable":true,"href":"https:\/\/www.aptciudadjardin.com\/de\/wp-json\/wp\/v2\/comments?post=3754"}],"version-history":[{"count":2,"href":"https:\/\/www.aptciudadjardin.com\/de\/wp-json\/wp\/v2\/pages\/3754\/revisions"}],"predecessor-version":[{"id":5145,"href":"https:\/\/www.aptciudadjardin.com\/de\/wp-json\/wp\/v2\/pages\/3754\/revisions\/5145"}],"wp:attachment":[{"href":"https:\/\/www.aptciudadjardin.com\/de\/wp-json\/wp\/v2\/media?parent=3754"}],"curies":[{"name":"wp","href":"https:\/\/api.w.org\/{rel}","templated":true}]}}