{"id":2180,"date":"2018-04-10T16:43:58","date_gmt":"2018-04-10T16:43:58","guid":{"rendered":"http:\/\/10.2.1.182\/prueba2\/index.php\/quienes-somos\/"},"modified":"2019-01-21T10:33:21","modified_gmt":"2019-01-21T10:33:21","slug":"gemeinschaftsbereich","status":"publish","type":"page","link":"https:\/\/www.aptciudadjardin.com\/de\/gemeinschaftsbereich\/","title":{"rendered":"Gemeinschaftsbereich"},"content":{"rendered":"<p>[vc_row][vc_column]<div style=\"background-color:; height: 60px;\" class=\"nicdark_section  \"><\/div> <h1 style=\"color:#41b2a5; padding:px; text-align:center; font-size:40px; line-height:40px; letter-spacing: px; font-weight:normal;\" class=\"   nd_options_first_font \">Gemeinschaftsbereich<\/h1> <div style=\"background-color:; height: 10px;\" class=\"nicdark_section  \"><\/div>[vc_single_image image=&#8220;4972&#8243; alignment=&#8220;center&#8220;][\/vc_column][\/vc_row][vc_row][vc_column css=&#8220;.vc_custom_1467360650255{margin-top: 10px !important;margin-bottom: 10px !important;padding-top: 0px !important;padding-right: 40px !important;}&#8220;] <p style=\"color:rgba(0,0,0,0.68); padding:px; text-align:; font-size:px; line-height:px; letter-spacing: px; font-weight:lighter;\" class=\"   nd_options_second_font \"> Unsere Apartments befinden sich in einem vier-Etagen-Geb\u00e4ude in der ruhigen Wohngegend namens Ciudad Jard\u00edn. Hier finden Sie eine Solarium-Terrasse mit Au\u00dfenmobiliar, gemeinschaftliche Waschmaschine und Trocker, sowie einen Aufzug. Im ganzen Geb\u00e4ude verf\u00fcgen Sie \u00fcber kostenlose WLan-Verbindiung. F\u00fcr mehr Komfort haben Sie zudem Zugang zu Ihrem Apartmentschl\u00fcssel zu jeder Zeit. Es befindet sich in einer elektronischen Box, zu der Sie unabh\u00e4ngig von Ihrer Ankunftszeit Zugang haben.<\/p> [\/vc_column][\/vc_row][vc_row full_width=&#8220;stretch_row&#8220; css=&#8220;.vc_custom_1504098212256{margin-top: 70px !important;}&#8220;][vc_column] <h2 style=\"color:#1c1c1c; padding:px; text-align:center; font-size:25px; line-height:40px; letter-spacing: px; font-weight:lighter;\" class=\"  nd_options_font_size_40_important_all_iphone nd_options_line_height_40_important_all_iphone nd_options_second_font \">Ausstattung und Service<\/h2> <div style=\"background-color:; height: 20px;\" class=\"nicdark_section  \"><\/div>\n    <div class=\"nd_options_section nd_options_line_height_0  nd_options_text_align_center \">\n        <span style=\"height:1px; width:30px; background-color:#41b2a5;\" class=\"nd_options_display_inline_block\"><\/span>\n    <\/div>\n   <div style=\"background-color:; height: 20px;\" class=\"nicdark_section  \"><\/div>[\/vc_column][\/vc_row][vc_row][vc_column width=&#8220;1\/4&#8243;]\n\n    <div class=\"nd_options_section  nd_options_text_align_center \">\n\n        <img style=\"margin-top:-2px;\" alt=\"\" width=\"40\" src=\"https:\/\/www.aptciudadjardin.com\/wp-content\/uploads\/2019\/01\/solarium.png\">\n\n        <div class=\"nd_options_section nd_options_box_sizing_border_box\">\n            \n             \n            <p class=\"nd_options_second_font  \" style=\"margin:15px 5px 0px 10px; color:#898989; font-size:15px;line-height:25px;\">Solarium Terrasse<\/p> \n            \n\n        <\/div>\n\n    <\/div>\n\n  <div style=\"background-color:; height: 25px;\" class=\"nicdark_section  \"><\/div>[\/vc_column][vc_column width=&#8220;1\/4&#8243;]\n\n    <div class=\"nd_options_section  nd_options_text_align_center \">\n\n        <img style=\"margin-top:-2px;\" alt=\"\" width=\"50\" src=\"https:\/\/www.aptciudadjardin.com\/wp-content\/uploads\/2018\/04\/lavanderia.png\">\n\n        <div class=\"nd_options_section nd_options_box_sizing_border_box\">\n            \n             \n            <p class=\"nd_options_second_font  \" style=\"margin:5px 5px 0px 0px; color:#898989; font-size:15px;line-height:25px;\">Gemeinschaftliche Waschmaschine und Trockner (kostenpflichtig)<\/p> \n            \n\n        <\/div>\n\n    <\/div>\n\n  <div style=\"background-color:; height: 25px;\" class=\"nicdark_section  \"><\/div>[\/vc_column][vc_column width=&#8220;1\/4&#8243;]\n\n    <div class=\"nd_options_section  nd_options_text_align_center \">\n\n        <img style=\"margin-top:-2px;\" alt=\"\" width=\"50\" src=\"https:\/\/www.aptciudadjardin.com\/wp-content\/uploads\/2018\/04\/Wifi-1.png\">\n\n        <div class=\"nd_options_section nd_options_box_sizing_border_box\">\n            \n             \n            <p class=\"nd_options_second_font  \" style=\"margin:5px 5px 0px 0px; color:#898989; font-size:15px;line-height:25px;\">WLan<\/p> \n            \n\n        <\/div>\n\n    <\/div>\n\n  <div style=\"background-color:; height: 25px;\" class=\"nicdark_section  \"><\/div>[\/vc_column][vc_column width=&#8220;1\/4&#8243;]\n\n    <div class=\"nd_options_section  nd_options_text_align_center \">\n\n        <img style=\"margin-top:-2px;\" alt=\"\" width=\"50\" src=\"https:\/\/www.aptciudadjardin.com\/wp-content\/uploads\/2019\/01\/Habitaciones.png\">\n\n        <div class=\"nd_options_section nd_options_box_sizing_border_box\">\n            \n             \n            <p class=\"nd_options_second_font  \" style=\"margin:5px 5px 0px 0px; color:#898989; font-size:15px;line-height:25px;\">Auto check-in: Zugang zum Schl\u00fcssel unabh\u00e4ngig von der Ankunftszeit<\/p> \n            \n\n        <\/div>\n\n    <\/div>\n\n  <div style=\"background-color:; height: 25px;\" class=\"nicdark_section  \"><\/div>[\/vc_column][\/vc_row][vc_row][vc_column]<div style=\"background-color:; height: 60px;\" class=\"nicdark_section  \"><\/div>[\/vc_column][\/vc_row][vc_row][vc_column]<div style=\"background-color:; height: 60px;\" class=\"nicdark_section  \"><\/div>\n\t\t\t<!-- START Zonas comunes REVOLUTION SLIDER 6.2.18 --><p class=\"rs-p-wp-fix\"><\/p>\n\t\t\t<rs-module-wrap id=\"rev_slider_36_1_wrapper\" data-source=\"gallery\" style=\"background:#ffffff;padding:0;margin:0px auto;margin-top:0;margin-bottom:0;\">\n\t\t\t\t<rs-module id=\"rev_slider_36_1\" style=\"\" data-version=\"6.2.18\">\n\t\t\t\t\t<rs-slides>\n\t\t\t\t\t\t<rs-slide data-key=\"rs-161\" data-title=\"GRAL\" data-thumb=\"\/\/www.aptciudadjardin.com\/wp-content\/uploads\/2019\/01\/CIUDAD-JARDIN_SLIDER-COMUN_01-150x100.jpg\" data-anim=\"ei:d;eo:d;s:600;r:0;t:fade;sl:d;\" data-p1=\"King Size\">\n\t\t\t\t\t\t\t<img src=\"\/\/www.aptciudadjardin.com\/wp-content\/plugins\/revslider\/public\/assets\/assets\/dummy.png\" title=\"Gemeinschaftsbereich\" data-lazyload=\"\/\/www.aptciudadjardin.com\/wp-content\/uploads\/2019\/01\/CIUDAD-JARDIN_SLIDER-COMUN_01.jpg\" data-panzoom=\"d:30000;ss:100;se:120;\" class=\"rev-slidebg\" data-no-retina>\n<!--\n\t\t\t\t\t\t\t--><rs-layer\n\t\t\t\t\t\t\t\tid=\"slider-36-slide-161-layer-2\" \n\t\t\t\t\t\t\t\tclass=\"tp-gradientstyle tp-shape tp-shapewrapper\"\n\t\t\t\t\t\t\t\tdata-type=\"shape\"\n\t\t\t\t\t\t\t\tdata-rsp_ch=\"on\"\n\t\t\t\t\t\t\t\tdata-xy=\"x:c;y:b;\"\n\t\t\t\t\t\t\t\tdata-text=\"fw:500;\"\n\t\t\t\t\t\t\t\tdata-dim=\"w:100%;h:400px,400px,400px,250px;\"\n\t\t\t\t\t\t\t\tdata-basealign=\"slide\"\n\t\t\t\t\t\t\t\tdata-frame_0=\"y:50px;tp:600;\"\n\t\t\t\t\t\t\t\tdata-frame_1=\"tp:600;e:power4.out;st:0;sp:2000;\"\n\t\t\t\t\t\t\t\tdata-frame_999=\"o:0;tp:600;e:nothing;st:w;sR:7000;\"\n\t\t\t\t\t\t\t\tstyle=\"z-index:5;\"\n\t\t\t\t\t\t\t> \n\t\t\t\t\t\t\t<\/rs-layer><!--\n\n\t\t\t\t\t\t\t--><rs-layer\n\t\t\t\t\t\t\t\tid=\"slider-36-slide-161-layer-4\" \n\t\t\t\t\t\t\t\tclass=\"rs-svg\"\n\t\t\t\t\t\t\t\tdata-type=\"svg\"\n\t\t\t\t\t\t\t\tdata-color=\"rgba(255, 255, 255, 0.5)\"\n\t\t\t\t\t\t\t\tdata-rsp_ch=\"on\"\n\t\t\t\t\t\t\t\tdata-xy=\"xo:721px,721px,510px,367px;y:b;yo:29px,29px,9px,16px;\"\n\t\t\t\t\t\t\t\tdata-text=\"fw:400,400,500,500;\"\n\t\t\t\t\t\t\t\tdata-dim=\"w:40px,40px,50px,50px;h:40px,40px,50px,50px;\"\n\t\t\t\t\t\t\t\tdata-vbility=\"t,t,f,f\"\n\t\t\t\t\t\t\t\tdata-actions='o:click;a:togglefullscreen;'\n\t\t\t\t\t\t\t\tdata-svg_src=\"\/\/10.2.1.182\/eczahara\/preprod\/preprod\/wp-content\/plugins\/revslider\/public\/assets\/assets\/svg\/maps\/ic_zoom_out_map_24px.svg\"\n\t\t\t\t\t\t\t\tdata-svgi=\"c:rgba(255, 255, 255, 0.5);\"\n\t\t\t\t\t\t\t\tdata-svgh=\"c:rgba(255, 255, 255, 1);\"\n\t\t\t\t\t\t\t\tdata-basealign=\"slide\"\n\t\t\t\t\t\t\t\tdata-frame_0=\"y:20px;tp:600;\"\n\t\t\t\t\t\t\t\tdata-frame_1=\"tp:600;e:power4.out;st:600;sp:2000;sR:600;\"\n\t\t\t\t\t\t\t\tdata-frame_999=\"o:0;tp:600;e:nothing;st:w;sR:6400;\"\n\t\t\t\t\t\t\t\tdata-frame_hover=\"c:#fff;oX:50;oY:50;sp:150;e:power2.inOut;\"\n\t\t\t\t\t\t\t\tstyle=\"z-index:6;cursor:pointer;\"\n\t\t\t\t\t\t\t>\n\t\t\t\t\t\t\t\t<div class=\"rs-untoggled-content\"> <\/div>\n\t\t\t\t\t\t\t\t<div class=\"rs-toggled-content\"><\/div>\n\t\t\t\t\t\t\t<\/rs-layer><!--\n-->\t\t\t\t\t\t<\/rs-slide>\n\t\t\t\t\t\t<rs-slide data-key=\"rs-157\" data-title=\"GRAL\" data-thumb=\"\/\/www.aptciudadjardin.com\/wp-content\/uploads\/2019\/01\/CIUDAD-JARDIN_SLIDER-COMUN_05-150x100.jpg\" data-anim=\"ei:d;eo:d;s:600;r:0;t:fade;sl:d;\" data-p1=\"King Size\">\n\t\t\t\t\t\t\t<img src=\"\/\/www.aptciudadjardin.com\/wp-content\/plugins\/revslider\/public\/assets\/assets\/dummy.png\" title=\"Gemeinschaftsbereich\" data-lazyload=\"\/\/www.aptciudadjardin.com\/wp-content\/uploads\/2019\/01\/CIUDAD-JARDIN_SLIDER-COMUN_05.jpg\" data-panzoom=\"d:30000;ss:100;se:120;\" class=\"rev-slidebg\" data-no-retina>\n<!--\n\t\t\t\t\t\t\t--><rs-layer\n\t\t\t\t\t\t\t\tid=\"slider-36-slide-157-layer-2\" \n\t\t\t\t\t\t\t\tclass=\"tp-gradientstyle tp-shape tp-shapewrapper\"\n\t\t\t\t\t\t\t\tdata-type=\"shape\"\n\t\t\t\t\t\t\t\tdata-rsp_ch=\"on\"\n\t\t\t\t\t\t\t\tdata-xy=\"x:c;y:b;\"\n\t\t\t\t\t\t\t\tdata-text=\"fw:500;\"\n\t\t\t\t\t\t\t\tdata-dim=\"w:100%;h:400px,400px,400px,250px;\"\n\t\t\t\t\t\t\t\tdata-basealign=\"slide\"\n\t\t\t\t\t\t\t\tdata-frame_0=\"y:50px;tp:600;\"\n\t\t\t\t\t\t\t\tdata-frame_1=\"tp:600;e:power4.out;st:0;sp:2000;\"\n\t\t\t\t\t\t\t\tdata-frame_999=\"o:0;tp:600;e:nothing;st:w;sR:7000;\"\n\t\t\t\t\t\t\t\tstyle=\"z-index:5;\"\n\t\t\t\t\t\t\t> \n\t\t\t\t\t\t\t<\/rs-layer><!--\n\n\t\t\t\t\t\t\t--><rs-layer\n\t\t\t\t\t\t\t\tid=\"slider-36-slide-157-layer-4\" \n\t\t\t\t\t\t\t\tclass=\"rs-svg\"\n\t\t\t\t\t\t\t\tdata-type=\"svg\"\n\t\t\t\t\t\t\t\tdata-color=\"rgba(255, 255, 255, 0.5)\"\n\t\t\t\t\t\t\t\tdata-rsp_ch=\"on\"\n\t\t\t\t\t\t\t\tdata-xy=\"xo:721px,721px,510px,367px;y:b;yo:29px,29px,9px,16px;\"\n\t\t\t\t\t\t\t\tdata-text=\"fw:400,400,500,500;\"\n\t\t\t\t\t\t\t\tdata-dim=\"w:40px,40px,50px,50px;h:40px,40px,50px,50px;\"\n\t\t\t\t\t\t\t\tdata-vbility=\"t,t,f,f\"\n\t\t\t\t\t\t\t\tdata-actions='o:click;a:togglefullscreen;'\n\t\t\t\t\t\t\t\tdata-svg_src=\"\/\/10.2.1.182\/eczahara\/preprod\/preprod\/wp-content\/plugins\/revslider\/public\/assets\/assets\/svg\/maps\/ic_zoom_out_map_24px.svg\"\n\t\t\t\t\t\t\t\tdata-svgi=\"c:rgba(255, 255, 255, 0.5);\"\n\t\t\t\t\t\t\t\tdata-svgh=\"c:rgba(255, 255, 255, 1);\"\n\t\t\t\t\t\t\t\tdata-basealign=\"slide\"\n\t\t\t\t\t\t\t\tdata-frame_0=\"y:20px;tp:600;\"\n\t\t\t\t\t\t\t\tdata-frame_1=\"tp:600;e:power4.out;st:600;sp:2000;sR:600;\"\n\t\t\t\t\t\t\t\tdata-frame_999=\"o:0;tp:600;e:nothing;st:w;sR:6400;\"\n\t\t\t\t\t\t\t\tdata-frame_hover=\"c:#fff;oX:50;oY:50;sp:150;e:power2.inOut;\"\n\t\t\t\t\t\t\t\tstyle=\"z-index:6;cursor:pointer;\"\n\t\t\t\t\t\t\t>\n\t\t\t\t\t\t\t\t<div class=\"rs-untoggled-content\"> <\/div>\n\t\t\t\t\t\t\t\t<div class=\"rs-toggled-content\"><\/div>\n\t\t\t\t\t\t\t<\/rs-layer><!--\n-->\t\t\t\t\t\t<\/rs-slide>\n\t\t\t\t\t\t<rs-slide data-key=\"rs-216\" data-title=\"GRAL\" data-thumb=\"\/\/www.aptciudadjardin.com\/wp-content\/uploads\/2019\/01\/CIUDAD-JARDIN_SLIDER-COMUN_02-150x100.jpg\" data-anim=\"ei:d;eo:d;s:600;r:0;t:fade;sl:d;\" data-p1=\"King Size\">\n\t\t\t\t\t\t\t<img src=\"\/\/www.aptciudadjardin.com\/wp-content\/plugins\/revslider\/public\/assets\/assets\/dummy.png\" title=\"Gemeinschaftsbereich\" data-lazyload=\"\/\/www.aptciudadjardin.com\/wp-content\/uploads\/2019\/01\/CIUDAD-JARDIN_SLIDER-COMUN_02.jpg\" data-panzoom=\"d:30000;ss:100;se:120;\" class=\"rev-slidebg\" data-no-retina>\n<!--\n\t\t\t\t\t\t\t--><rs-layer\n\t\t\t\t\t\t\t\tid=\"slider-36-slide-216-layer-2\" \n\t\t\t\t\t\t\t\tclass=\"tp-gradientstyle tp-shape tp-shapewrapper\"\n\t\t\t\t\t\t\t\tdata-type=\"shape\"\n\t\t\t\t\t\t\t\tdata-rsp_ch=\"on\"\n\t\t\t\t\t\t\t\tdata-xy=\"x:c;y:b;\"\n\t\t\t\t\t\t\t\tdata-text=\"fw:500;\"\n\t\t\t\t\t\t\t\tdata-dim=\"w:100%;h:400px,400px,400px,250px;\"\n\t\t\t\t\t\t\t\tdata-basealign=\"slide\"\n\t\t\t\t\t\t\t\tdata-frame_0=\"y:50px;tp:600;\"\n\t\t\t\t\t\t\t\tdata-frame_1=\"tp:600;e:power4.out;st:0;sp:2000;\"\n\t\t\t\t\t\t\t\tdata-frame_999=\"o:0;tp:600;e:nothing;st:w;sR:7000;\"\n\t\t\t\t\t\t\t\tstyle=\"z-index:5;\"\n\t\t\t\t\t\t\t> \n\t\t\t\t\t\t\t<\/rs-layer><!--\n\n\t\t\t\t\t\t\t--><rs-layer\n\t\t\t\t\t\t\t\tid=\"slider-36-slide-216-layer-4\" \n\t\t\t\t\t\t\t\tclass=\"rs-svg\"\n\t\t\t\t\t\t\t\tdata-type=\"svg\"\n\t\t\t\t\t\t\t\tdata-color=\"rgba(255, 255, 255, 0.5)\"\n\t\t\t\t\t\t\t\tdata-rsp_ch=\"on\"\n\t\t\t\t\t\t\t\tdata-xy=\"xo:721px,721px,510px,367px;y:b;yo:29px,29px,9px,16px;\"\n\t\t\t\t\t\t\t\tdata-text=\"fw:400,400,500,500;\"\n\t\t\t\t\t\t\t\tdata-dim=\"w:40px,40px,50px,50px;h:40px,40px,50px,50px;\"\n\t\t\t\t\t\t\t\tdata-vbility=\"t,t,f,f\"\n\t\t\t\t\t\t\t\tdata-actions='o:click;a:togglefullscreen;'\n\t\t\t\t\t\t\t\tdata-svg_src=\"\/\/10.2.1.182\/eczahara\/preprod\/preprod\/wp-content\/plugins\/revslider\/public\/assets\/assets\/svg\/maps\/ic_zoom_out_map_24px.svg\"\n\t\t\t\t\t\t\t\tdata-svgi=\"c:rgba(255, 255, 255, 0.5);\"\n\t\t\t\t\t\t\t\tdata-svgh=\"c:rgba(255, 255, 255, 1);\"\n\t\t\t\t\t\t\t\tdata-basealign=\"slide\"\n\t\t\t\t\t\t\t\tdata-frame_0=\"y:20px;tp:600;\"\n\t\t\t\t\t\t\t\tdata-frame_1=\"tp:600;e:power4.out;st:600;sp:2000;sR:600;\"\n\t\t\t\t\t\t\t\tdata-frame_999=\"o:0;tp:600;e:nothing;st:w;sR:6400;\"\n\t\t\t\t\t\t\t\tdata-frame_hover=\"c:#fff;oX:50;oY:50;sp:150;e:power2.inOut;\"\n\t\t\t\t\t\t\t\tstyle=\"z-index:6;cursor:pointer;\"\n\t\t\t\t\t\t\t>\n\t\t\t\t\t\t\t\t<div class=\"rs-untoggled-content\"> <\/div>\n\t\t\t\t\t\t\t\t<div class=\"rs-toggled-content\"><\/div>\n\t\t\t\t\t\t\t<\/rs-layer><!--\n-->\t\t\t\t\t\t<\/rs-slide>\n\t\t\t\t\t\t<rs-slide data-key=\"rs-219\" data-title=\"GRAL\" data-thumb=\"\/\/www.aptciudadjardin.com\/wp-content\/uploads\/2019\/01\/CIUDAD-JARDIN_SLIDER-COMUN_04-150x100.jpg\" data-anim=\"ei:d;eo:d;s:600;r:0;t:fade;sl:d;\" data-p1=\"King Size\">\n\t\t\t\t\t\t\t<img src=\"\/\/www.aptciudadjardin.com\/wp-content\/plugins\/revslider\/public\/assets\/assets\/dummy.png\" title=\"Gemeinschaftsbereich\" data-lazyload=\"\/\/www.aptciudadjardin.com\/wp-content\/uploads\/2019\/01\/CIUDAD-JARDIN_SLIDER-COMUN_04.jpg\" data-panzoom=\"d:30000;ss:100;se:120;\" class=\"rev-slidebg\" data-no-retina>\n<!--\n\t\t\t\t\t\t\t--><rs-layer\n\t\t\t\t\t\t\t\tid=\"slider-36-slide-219-layer-2\" \n\t\t\t\t\t\t\t\tclass=\"tp-gradientstyle tp-shape tp-shapewrapper\"\n\t\t\t\t\t\t\t\tdata-type=\"shape\"\n\t\t\t\t\t\t\t\tdata-rsp_ch=\"on\"\n\t\t\t\t\t\t\t\tdata-xy=\"x:c;y:b;\"\n\t\t\t\t\t\t\t\tdata-text=\"fw:500;\"\n\t\t\t\t\t\t\t\tdata-dim=\"w:100%;h:400px,400px,400px,250px;\"\n\t\t\t\t\t\t\t\tdata-basealign=\"slide\"\n\t\t\t\t\t\t\t\tdata-frame_0=\"y:50px;tp:600;\"\n\t\t\t\t\t\t\t\tdata-frame_1=\"tp:600;e:power4.out;st:0;sp:2000;\"\n\t\t\t\t\t\t\t\tdata-frame_999=\"o:0;tp:600;e:nothing;st:w;sR:7000;\"\n\t\t\t\t\t\t\t\tstyle=\"z-index:5;\"\n\t\t\t\t\t\t\t> \n\t\t\t\t\t\t\t<\/rs-layer><!--\n\n\t\t\t\t\t\t\t--><rs-layer\n\t\t\t\t\t\t\t\tid=\"slider-36-slide-219-layer-4\" \n\t\t\t\t\t\t\t\tclass=\"rs-svg\"\n\t\t\t\t\t\t\t\tdata-type=\"svg\"\n\t\t\t\t\t\t\t\tdata-color=\"rgba(255, 255, 255, 0.5)\"\n\t\t\t\t\t\t\t\tdata-rsp_ch=\"on\"\n\t\t\t\t\t\t\t\tdata-xy=\"xo:721px,721px,510px,367px;y:b;yo:29px,29px,9px,16px;\"\n\t\t\t\t\t\t\t\tdata-text=\"fw:400,400,500,500;\"\n\t\t\t\t\t\t\t\tdata-dim=\"w:40px,40px,50px,50px;h:40px,40px,50px,50px;\"\n\t\t\t\t\t\t\t\tdata-vbility=\"t,t,f,f\"\n\t\t\t\t\t\t\t\tdata-actions='o:click;a:togglefullscreen;'\n\t\t\t\t\t\t\t\tdata-svg_src=\"\/\/10.2.1.182\/eczahara\/preprod\/preprod\/wp-content\/plugins\/revslider\/public\/assets\/assets\/svg\/maps\/ic_zoom_out_map_24px.svg\"\n\t\t\t\t\t\t\t\tdata-svgi=\"c:rgba(255, 255, 255, 0.5);\"\n\t\t\t\t\t\t\t\tdata-svgh=\"c:rgba(255, 255, 255, 1);\"\n\t\t\t\t\t\t\t\tdata-basealign=\"slide\"\n\t\t\t\t\t\t\t\tdata-frame_0=\"y:20px;tp:600;\"\n\t\t\t\t\t\t\t\tdata-frame_1=\"tp:600;e:power4.out;st:600;sp:2000;sR:600;\"\n\t\t\t\t\t\t\t\tdata-frame_999=\"o:0;tp:600;e:nothing;st:w;sR:6400;\"\n\t\t\t\t\t\t\t\tdata-frame_hover=\"c:#fff;oX:50;oY:50;sp:150;e:power2.inOut;\"\n\t\t\t\t\t\t\t\tstyle=\"z-index:6;cursor:pointer;\"\n\t\t\t\t\t\t\t>\n\t\t\t\t\t\t\t\t<div class=\"rs-untoggled-content\"> <\/div>\n\t\t\t\t\t\t\t\t<div class=\"rs-toggled-content\"><\/div>\n\t\t\t\t\t\t\t<\/rs-layer><!--\n-->\t\t\t\t\t\t<\/rs-slide>\n\t\t\t\t\t\t<rs-slide data-key=\"rs-154\" data-title=\"GRAL\" data-thumb=\"\/\/www.aptciudadjardin.com\/wp-content\/uploads\/2019\/01\/CIUDAD-JARDIN_SLIDER-COMUN_03-1024x765-150x100.jpg\" data-anim=\"ei:d;eo:d;s:600;r:0;t:fade;sl:d;\" data-p1=\"King Size\">\n\t\t\t\t\t\t\t<img src=\"\/\/www.aptciudadjardin.com\/wp-content\/plugins\/revslider\/public\/assets\/assets\/dummy.png\" title=\"CIUDAD JARDIN_SLIDER COMUN_03\" width=\"1024\" height=\"765\" data-lazyload=\"\/\/www.aptciudadjardin.com\/wp-content\/uploads\/2019\/01\/CIUDAD-JARDIN_SLIDER-COMUN_03-1024x765.jpg\" data-panzoom=\"d:30000;ss:100;se:120;\" class=\"rev-slidebg\" data-no-retina>\n<!---->\t\t\t\t\t\t<\/rs-slide>\n\t\t\t\t\t<\/rs-slides>\n\t\t\t\t<\/rs-module>\n\t\t\t\t<script type=\"text\/javascript\">\n\t\t\t\t\tsetREVStartSize({c: 'rev_slider_36_1',rl:[1240,1240,778,480],el:[],gw:[728,728,500,250],gh:[465,465,319,160],type:'carousel',justify:'',layout:'fullwidth',mh:\"0\"});\n\t\t\t\t\tvar\trevapi36,\n\t\t\t\t\t\ttpj;\n\t\t\t\t\tjQuery(function() {\n\t\t\t\t\t\ttpj = jQuery;\n\t\t\t\t\t\trevapi36 = tpj(\"#rev_slider_36_1\");\n\t\t\t\t\t\tif(revapi36==undefined || revapi36.revolution == undefined){\n\t\t\t\t\t\t\trevslider_showDoubleJqueryError(\"rev_slider_36_1\");\n\t\t\t\t\t\t}else{\n\t\t\t\t\t\t\trevapi36.revolution({\n\t\t\t\t\t\t\t\tsliderType:\"carousel\",\n\t\t\t\t\t\t\t\tsliderLayout:\"fullwidth\",\n\t\t\t\t\t\t\t\tvisibilityLevels:\"1240,1240,778,480\",\n\t\t\t\t\t\t\t\tgridwidth:\"728,728,500,250\",\n\t\t\t\t\t\t\t\tgridheight:\"465,465,319,160\",\n\t\t\t\t\t\t\t\tlazyType:\"smart\",\n\t\t\t\t\t\t\t\tperspectiveType:\"local\",\n\t\t\t\t\t\t\t\tresponsiveLevels:\"1240,1240,778,480\",\n\t\t\t\t\t\t\t\tcarousel: {\n\t\t\t\t\t\t\t\t\tinfinity:true,\n\t\t\t\t\t\t\t\t\tspace:-150,\n\t\t\t\t\t\t\t\t\tmaxVisibleItems:5,\n\t\t\t\t\t\t\t\t\tmaxRotation:65,\n\t\t\t\t\t\t\t\t\tvary_rotation:true,\n\t\t\t\t\t\t\t\t\tminScale:45,\n\t\t\t\t\t\t\t\t\tvary_fade:true\n\t\t\t\t\t\t\t\t},\n\t\t\t\t\t\t\t\tprogressBar:{disableProgressBar:true},\n\t\t\t\t\t\t\t\tnavigation: {\n\t\t\t\t\t\t\t\t\tmouseScrollNavigation:false,\n\t\t\t\t\t\t\t\t\tonHoverStop:false,\n\t\t\t\t\t\t\t\t\tarrows: {\n\t\t\t\t\t\t\t\t\t\tenable:true,\n\t\t\t\t\t\t\t\t\t\tstyle:\"metis\",\n\t\t\t\t\t\t\t\t\t\thide_onmobile:true,\n\t\t\t\t\t\t\t\t\t\thide_under:768,\n\t\t\t\t\t\t\t\t\t\tleft: {\n\t\t\t\t\t\t\t\t\t\t\th_offset:0\n\t\t\t\t\t\t\t\t\t\t},\n\t\t\t\t\t\t\t\t\t\tright: {\n\n\t\t\t\t\t\t\t\t\t\t}\n\t\t\t\t\t\t\t\t\t}\n\t\t\t\t\t\t\t\t},\n\t\t\t\t\t\t\t\tfallbacks: {\n\t\t\t\t\t\t\t\t\tallowHTML5AutoPlayOnAndroid:true\n\t\t\t\t\t\t\t\t},\n\t\t\t\t\t\t\t});\n\t\t\t\t\t\t}\n\t\t\t\t\t\t\n\t\t\t\t\t});\n\t\t\t\t<\/script>\n\t\t\t\t<script>\n\t\t\t\t\tvar htmlDivCss = unescape(\".foodcarousel-headline%20%20%7B%20font-weight%3A%20800%20%21important%3B%20%7D%0A.FoodCarousel-Content%20a%2C%0A.FoodCarousel-Content%20a%3Avisited%20%7B%20color%3A%20%231c1c1c%20%21important%3B%20%7D%0A.FoodCarousel-Content%20a%3Ahover%20%7B%20color%3A%20%231c1c1c%20%21important%3B%20%7D%0A%0A.erinyen%20.tp-thumb-title%20%7B%20font-family%3A%27Roboto%27%20%21important%3B%20font-weight%3A300%20%21important%3B%20letter-spacing%3A1px%3B%20%7D\");\n\t\t\t\t\tvar htmlDiv = document.getElementById('rs-plugin-settings-inline-css');\n\t\t\t\t\tif(htmlDiv) {\n\t\t\t\t\t\thtmlDiv.innerHTML = htmlDiv.innerHTML + htmlDivCss;\n\t\t\t\t\t}else{\n\t\t\t\t\t\tvar htmlDiv = document.createElement('div');\n\t\t\t\t\t\thtmlDiv.innerHTML = '<style>' + htmlDivCss + '<\/style>';\n\t\t\t\t\t\tdocument.getElementsByTagName('head')[0].appendChild(htmlDiv.childNodes[0]);\n\t\t\t\t\t}\n\t\t\t\t<\/script>\n\t\t\t\t<script>\n\t\t\t\t\tvar htmlDivCss = unescape(\"%23rev_slider_36_1_wrapper%20.metis.tparrows%20%7B%0A%20%20background%3A%23ffffff%3B%0A%20%20padding%3A10px%3B%0A%20%20transition%3Aall%200.3s%3B%0A%20%20-webkit-transition%3Aall%200.3s%3B%0A%20%20width%3A60px%3B%0A%20%20height%3A60px%3B%0A%20%20box-sizing%3Aborder-box%3B%0A%20%7D%0A%20%0A%20%23rev_slider_36_1_wrapper%20.metis.tparrows%3Ahover%20%7B%0A%20%20%20background%3Argba%28255%2C255%2C255%2C0.75%29%3B%0A%20%7D%0A%20%0A%20%23rev_slider_36_1_wrapper%20.metis.tparrows%3Abefore%20%7B%0A%20%20color%3A%23000000%3B%20%20%0A%20%20%20transition%3Aall%200.3s%3B%0A%20%20-webkit-transition%3Aall%200.3s%3B%0A%20%7D%0A%20%0A%20%23rev_slider_36_1_wrapper%20.metis.tparrows%3Ahover%3Abefore%20%7B%0A%20%20%20transform%3Ascale%281.5%29%3B%0A%20%20%7D%0A%20%0A\");\n\t\t\t\t\tvar htmlDiv = document.getElementById('rs-plugin-settings-inline-css');\n\t\t\t\t\tif(htmlDiv) {\n\t\t\t\t\t\thtmlDiv.innerHTML = htmlDiv.innerHTML + htmlDivCss;\n\t\t\t\t\t}else{\n\t\t\t\t\t\tvar htmlDiv = document.createElement('div');\n\t\t\t\t\t\thtmlDiv.innerHTML = '<style>' + htmlDivCss + '<\/style>';\n\t\t\t\t\t\tdocument.getElementsByTagName('head')[0].appendChild(htmlDiv.childNodes[0]);\n\t\t\t\t\t}\n\t\t\t\t<\/script>\n\t\t\t\t<script>\n\t\t\t\t\tvar htmlDivCss = unescape(\"%0A%0A%0A%0A%0A\");\n\t\t\t\t\tvar htmlDiv = document.getElementById('rs-plugin-settings-inline-css');\n\t\t\t\t\tif(htmlDiv) {\n\t\t\t\t\t\thtmlDiv.innerHTML = htmlDiv.innerHTML + htmlDivCss;\n\t\t\t\t\t}else{\n\t\t\t\t\t\tvar htmlDiv = document.createElement('div');\n\t\t\t\t\t\thtmlDiv.innerHTML = '<style>' + htmlDivCss + '<\/style>';\n\t\t\t\t\t\tdocument.getElementsByTagName('head')[0].appendChild(htmlDiv.childNodes[0]);\n\t\t\t\t\t}\n\t\t\t\t<\/script>\n\t\t\t<\/rs-module-wrap>\n\t\t\t<!-- END REVOLUTION SLIDER -->\n<div style=\"background-color:; height: 60px;\" class=\"nicdark_section  \"><\/div>[\/vc_column][\/vc_row]<\/p>\n","protected":false},"excerpt":{"rendered":"<p>[vc_row][vc_column][vc_single_image image=&#8220;4972&#8243; alignment=&#8220;center&#8220;][\/vc_column][\/vc_row][vc_row][vc_column css=&#8220;.vc_custom_1467360650255{margin-top: 10px !important;margin-bottom: 10px !important;padding-top: 0px !important;padding-right: 40px !important;}&#8220;][\/vc_column][\/vc_row][vc_row full_width=&#8220;stretch_row&#8220; css=&#8220;.vc_custom_1504098212256{margin-top: 70px !important;}&#8220;][vc_column][\/vc_column][\/vc_row][vc_row][vc_column width=&#8220;1\/4&#8243;][\/vc_column][vc_column width=&#8220;1\/4&#8243;][\/vc_column][vc_column width=&#8220;1\/4&#8243;][\/vc_column][vc_column width=&#8220;1\/4&#8243;][\/vc_column][\/vc_row][vc_row][vc_column][\/vc_column][\/vc_row][vc_row][vc_column][\/vc_column][\/vc_row]<\/p>\n","protected":false},"author":10,"featured_media":0,"parent":0,"menu_order":0,"comment_status":"closed","ping_status":"closed","template":"","meta":[],"_links":{"self":[{"href":"https:\/\/www.aptciudadjardin.com\/de\/wp-json\/wp\/v2\/pages\/2180"}],"collection":[{"href":"https:\/\/www.aptciudadjardin.com\/de\/wp-json\/wp\/v2\/pages"}],"about":[{"href":"https:\/\/www.aptciudadjardin.com\/de\/wp-json\/wp\/v2\/types\/page"}],"author":[{"embeddable":true,"href":"https:\/\/www.aptciudadjardin.com\/de\/wp-json\/wp\/v2\/users\/10"}],"replies":[{"embeddable":true,"href":"https:\/\/www.aptciudadjardin.com\/de\/wp-json\/wp\/v2\/comments?post=2180"}],"version-history":[{"count":0,"href":"https:\/\/www.aptciudadjardin.com\/de\/wp-json\/wp\/v2\/pages\/2180\/revisions"}],"wp:attachment":[{"href":"https:\/\/www.aptciudadjardin.com\/de\/wp-json\/wp\/v2\/media?parent=2180"}],"curies":[{"name":"wp","href":"https:\/\/api.w.org\/{rel}","templated":true}]}}